{"id":7417,"date":"2024-10-17T17:01:22","date_gmt":"2024-10-17T15:01:22","guid":{"rendered":"https:\/\/saimithrayoga.nl\/?page_id=7417"},"modified":"2025-06-24T21:51:15","modified_gmt":"2025-06-24T19:51:15","slug":"zaalverhuur","status":"publish","type":"page","link":"https:\/\/saimithrayoga.nl\/en\/zaalverhuur\/","title":{"rendered":"Hall rental"},"content":{"rendered":"\t\t<div data-elementor-type=\"wp-page\" data-elementor-id=\"7417\" class=\"elementor elementor-7417\" data-elementor-post-type=\"page\">\n\t\t\t\t<div class=\"elementor-element elementor-element-e655ed9 e-flex e-con-boxed e-con e-parent\" data-id=\"e655ed9\" data-element_type=\"container\" data-e-type=\"container\">\n\t\t\t\t\t<div class=\"e-con-inner\">\n\t\t<div class=\"elementor-element elementor-element-c91eee1 e-con-full e-flex e-con e-child\" data-id=\"c91eee1\" data-element_type=\"container\" data-e-type=\"container\">\n\t\t\t\t<div class=\"elementor-element elementor-element-99752cd elementor-widget elementor-widget-image\" data-id=\"99752cd\" data-element_type=\"widget\" data-e-type=\"widget\" data-widget_type=\"image.default\">\n\t\t\t\t\t\t\t\t\t\t\t\t\t\t\t<img decoding=\"async\" width=\"1366\" height=\"570\" src=\"https:\/\/saimithrayoga.nl\/wp-content\/uploads\/Sai-Mithra-Yoga-Zaalverhuur.webp\" class=\"attachment-full size-full wp-image-7695\" alt=\"\" srcset=\"https:\/\/saimithrayoga.nl\/wp-content\/uploads\/Sai-Mithra-Yoga-Zaalverhuur.webp 1366w, https:\/\/saimithrayoga.nl\/wp-content\/uploads\/Sai-Mithra-Yoga-Zaalverhuur-600x250.webp 600w, https:\/\/saimithrayoga.nl\/wp-content\/uploads\/Sai-Mithra-Yoga-Zaalverhuur-1024x427.webp 1024w, https:\/\/saimithrayoga.nl\/wp-content\/uploads\/Sai-Mithra-Yoga-Zaalverhuur-768x320.webp 768w, https:\/\/saimithrayoga.nl\/wp-content\/uploads\/Sai-Mithra-Yoga-Zaalverhuur-18x8.webp 18w, https:\/\/saimithrayoga.nl\/wp-content\/uploads\/Sai-Mithra-Yoga-Zaalverhuur-500x209.webp 500w, https:\/\/saimithrayoga.nl\/wp-content\/uploads\/Sai-Mithra-Yoga-Zaalverhuur-700x292.webp 700w\" sizes=\"(max-width: 1366px) 100vw, 1366px\" \/>\t\t\t\t\t\t\t\t\t\t\t\t\t\t\t<\/div>\n\t\t\t\t<\/div>\n\t\t\t\t\t<\/div>\n\t\t\t\t<\/div>\n\t\t<div class=\"elementor-element elementor-element-ebd7dcd transformatieveyoga e-flex e-con-boxed e-con e-parent\" data-id=\"ebd7dcd\" data-element_type=\"container\" data-e-type=\"container\" data-settings=\"{&quot;background_background&quot;:&quot;classic&quot;}\">\n\t\t\t\t\t<div class=\"e-con-inner\">\n\t\t<div class=\"elementor-element elementor-element-127b7de e-con-full e-flex e-con e-child\" data-id=\"127b7de\" data-element_type=\"container\" data-e-type=\"container\" data-settings=\"{&quot;background_background&quot;:&quot;classic&quot;}\">\n\t\t\t\t<div class=\"elementor-element elementor-element-36b6a4d elementor-widget elementor-widget-heading\" data-id=\"36b6a4d\" data-element_type=\"widget\" data-e-type=\"widget\" data-widget_type=\"heading.default\">\n\t\t\t\t\t<h2 class=\"elementor-heading-title elementor-size-default\">Waarom onze ruimte huren?<\/h2>\t\t\t\t<\/div>\n\t\t\t\t<div class=\"elementor-element elementor-element-fde39b0 elementor-widget elementor-widget-text-editor\" data-id=\"fde39b0\" data-element_type=\"widget\" data-e-type=\"widget\" data-widget_type=\"text-editor.default\">\n\t\t\t\t\t\t\t\t\tWil je een sfeervolle ruimte huren voor jouw workshop, training of sessie met cli\u00ebnten? Onze yogaschool is een wonderlijke oase van rust in hartje Amsterdam. We helpen je graag om ruimte te cre\u00ebren voor wat jij wilt organiseren. Samen kijken we naar wat jij nodig hebt om jouw leerlingen en cli\u00ebnten de mooiste ervaring te geven.\t\t\t\t\t\t\t\t<\/div>\n\t\t\t\t<div class=\"elementor-element elementor-element-7698dbc elementor-widget elementor-widget-text-editor\" data-id=\"7698dbc\" data-element_type=\"widget\" data-e-type=\"widget\" data-widget_type=\"text-editor.default\">\n\t\t\t\t\t\t\t\t\t<ul><li>Sai Mithra Yoga is een oase van rust in hartje Amsterdam.<\/li><li>E\u00e9n grote ruimte (inclusief de zithoek en eettafel).<\/li><li>Hoog en ruim, met een mooie lichtinval en fijne energie.<\/li><li>Ideaal voor zowel groepen als voor individuele sessies.<\/li><li>Er passen 15-18 yogamatjes of zo\u2019n 25 krukjes of stoelen.<\/li><li>Huur is inclusief het gebruik van yoga\/meditatiespullen.<\/li><li>Goed bereikbaar met auto, fiets en openbaar vervoer.<\/li><\/ul>\t\t\t\t\t\t\t\t<\/div>\n\t\t\t\t<div class=\"elementor-element elementor-element-6815196 elementor-widget elementor-widget-heading\" data-id=\"6815196\" data-element_type=\"widget\" data-e-type=\"widget\" data-widget_type=\"heading.default\">\n\t\t\t\t\t<h3 class=\"elementor-heading-title elementor-size-default\">Voor wie? <\/h3>\t\t\t\t<\/div>\n\t\t\t\t<div class=\"elementor-element elementor-element-1e8279f elementor-widget elementor-widget-text-editor\" data-id=\"1e8279f\" data-element_type=\"widget\" data-e-type=\"widget\" data-widget_type=\"text-editor.default\">\n\t\t\t\t\t\t\t\t\t<p>Onze yogaschool is multi-inzetbaar. De studio bestaat uit 1 grote ruimte en is perfect voor workshops, coaching, 1-op-1-sessies, ceremonies en trainingen op het gebied van persoonlijke ontwikkeling, bewustwording en communicatie. Maar ook voor kleine evenementen, zoals video- en fotoshoots. Je kunt de ruimte zelfs huren inclusief een van onze docenten, bijvoorbeeld voor een kinderfeestje of een teamdag met yoga en meditatie.<\/p>\t\t\t\t\t\t\t\t<\/div>\n\t\t\t\t<\/div>\n\t\t\t\t\t<\/div>\n\t\t\t\t<\/div>\n\t\t<div class=\"elementor-element elementor-element-2da44df transformatieveyoga e-flex e-con-boxed e-con e-parent\" data-id=\"2da44df\" data-element_type=\"container\" data-e-type=\"container\" data-settings=\"{&quot;background_background&quot;:&quot;classic&quot;}\">\n\t\t\t\t\t<div class=\"e-con-inner\">\n\t\t<div class=\"elementor-element elementor-element-5e8b2c8 e-con-full e-flex e-con e-child\" data-id=\"5e8b2c8\" data-element_type=\"container\" data-e-type=\"container\" data-settings=\"{&quot;background_background&quot;:&quot;classic&quot;}\">\n\t\t\t\t<div class=\"elementor-element elementor-element-6d52c5c elementor-widget elementor-widget-heading\" data-id=\"6d52c5c\" data-element_type=\"widget\" data-e-type=\"widget\" data-widget_type=\"heading.default\">\n\t\t\t\t\t<h3 class=\"elementor-heading-title elementor-size-default\">Goed bereikbaar<\/h3>\t\t\t\t<\/div>\n\t\t\t\t<div class=\"elementor-element elementor-element-2a5e6f2 elementor-widget elementor-widget-text-editor\" data-id=\"2a5e6f2\" data-element_type=\"widget\" data-e-type=\"widget\" data-widget_type=\"text-editor.default\">\n\t\t\t\t\t\t\t\t\t<p>Onze yogaschool bevindt zich in hartje Amsterdam in de levendige Nieuwmarktbuurt. De studio is goed bereikbaar met de auto, fiets en openbaar vervoer. Op 5 minuten loopafstand zijn 2 parkeergarages: op het Waterlooplein en bij de Stopera. We zitten op 10 minuten loopafstand van Centraal Station en pal naast metrostation Nieuwmarkt.<\/p>\t\t\t\t\t\t\t\t<\/div>\n\t\t\t\t<div class=\"elementor-element elementor-element-108a654 elementor-widget elementor-widget-heading\" data-id=\"108a654\" data-element_type=\"widget\" data-e-type=\"widget\" data-widget_type=\"heading.default\">\n\t\t\t\t\t<h3 class=\"elementor-heading-title elementor-size-default\">Ruime beschikbaarheid<\/h3>\t\t\t\t<\/div>\n\t\t\t\t<div class=\"elementor-element elementor-element-9b0cc7b elementor-widget elementor-widget-text-editor\" data-id=\"9b0cc7b\" data-element_type=\"widget\" data-e-type=\"widget\" data-widget_type=\"text-editor.default\">\n\t\t\t\t\t\t\t\t\t<p>De ruimte kan gehuurd worden buiten <a href=\"https:\/\/saimithrayoga.nl\/lesrooster\/\">ons reguliere lesrooster<\/a> en <a href=\"https:\/\/saimithrayoga.nl\/workshops\/\">workshops<\/a> om. Er is grote beschikbaarheid doordeweeks (overdag), in het weekend (\u2018s avonds) en tijdens de zomer- en kerstvakantie.<\/p>\t\t\t\t\t\t\t\t<\/div>\n\t\t\t\t<div class=\"elementor-element elementor-element-32d6ed1 elementor-widget elementor-widget-heading\" data-id=\"32d6ed1\" data-element_type=\"widget\" data-e-type=\"widget\" data-widget_type=\"heading.default\">\n\t\t\t\t\t<h3 class=\"elementor-heading-title elementor-size-default\">Gebruik spullen is inbegrepen in de huurprijs<\/h3>\t\t\t\t<\/div>\n\t\t\t\t<div class=\"elementor-element elementor-element-1e7ebf2 elementor-widget elementor-widget-text-editor\" data-id=\"1e7ebf2\" data-element_type=\"widget\" data-e-type=\"widget\" data-widget_type=\"text-editor.default\">\n\t\t\t\t\t\t\t\t\t<ul><li>Yogamatten, meditatiekussens (rond en halve maan), bolsters (2 maten), dekentjes, schapenvachten, blokken, riemen<\/li><li>Lounge met een zithoek en een eettafel<\/li><li>Geen aparte kleedruimte, wel een kast en een kapstok voor spullen.<\/li><li>Klapstoelen en krukjes<\/li><li>Keukenblokje met benodigdheden om thee te zetten en een mini-koelkastje<\/li><li>Toilet<\/li><li>Stereo (cd-speler en aansluiting voor telefoon)<\/li><li>WiFi<\/li><\/ul>\t\t\t\t\t\t\t\t<\/div>\n\t\t\t\t<\/div>\n\t\t<div class=\"elementor-element elementor-element-3401f12 e-con-full e-flex e-con e-child\" data-id=\"3401f12\" data-element_type=\"container\" data-e-type=\"container\">\n\t\t\t\t<div class=\"elementor-element elementor-element-b646ea5 elementor-widget elementor-widget-image\" data-id=\"b646ea5\" data-element_type=\"widget\" data-e-type=\"widget\" data-widget_type=\"image.default\">\n\t\t\t\t\t\t\t\t\t\t\t\t\t\t\t<img decoding=\"async\" width=\"680\" height=\"1020\" src=\"https:\/\/saimithrayoga.nl\/wp-content\/uploads\/Sai-Mithra-Yoga-Zaalverhuur-Entreeruimte@2x.webp\" class=\"attachment-full size-full wp-image-7716\" alt=\"Sai-Mithra-Yoga-Zaalverhuur-Entreeruimte@2x\" srcset=\"https:\/\/saimithrayoga.nl\/wp-content\/uploads\/Sai-Mithra-Yoga-Zaalverhuur-Entreeruimte@2x.webp 680w, https:\/\/saimithrayoga.nl\/wp-content\/uploads\/Sai-Mithra-Yoga-Zaalverhuur-Entreeruimte@2x-400x600.webp 400w, https:\/\/saimithrayoga.nl\/wp-content\/uploads\/Sai-Mithra-Yoga-Zaalverhuur-Entreeruimte@2x-8x12.webp 8w, https:\/\/saimithrayoga.nl\/wp-content\/uploads\/Sai-Mithra-Yoga-Zaalverhuur-Entreeruimte@2x-500x750.webp 500w\" sizes=\"(max-width: 680px) 100vw, 680px\" \/>\t\t\t\t\t\t\t\t\t\t\t\t\t\t\t<\/div>\n\t\t\t\t<div class=\"elementor-element elementor-element-1348490 elementor-hidden-desktop elementor-hidden-mobile elementor-widget elementor-widget-image\" data-id=\"1348490\" data-element_type=\"widget\" data-e-type=\"widget\" data-widget_type=\"image.default\">\n\t\t\t\t\t\t\t\t\t\t\t\t\t\t\t<img decoding=\"async\" width=\"340\" height=\"510\" src=\"https:\/\/saimithrayoga.nl\/wp-content\/uploads\/saimithra_fotos_overons_1-1.webp\" class=\"attachment-full size-full wp-image-7707\" alt=\"Saimithra_fotos_overons_1-1\" srcset=\"https:\/\/saimithrayoga.nl\/wp-content\/uploads\/saimithra_fotos_overons_1-1.webp 340w, https:\/\/saimithrayoga.nl\/wp-content\/uploads\/saimithra_fotos_overons_1-1-8x12.webp 8w\" sizes=\"(max-width: 340px) 100vw, 340px\" \/>\t\t\t\t\t\t\t\t\t\t\t\t\t\t\t<\/div>\n\t\t\t\t<\/div>\n\t\t\t\t\t<\/div>\n\t\t\t\t<\/div>\n\t\t<div class=\"elementor-element elementor-element-2bfada5 transformatieveyoga e-flex e-con-boxed e-con e-parent\" data-id=\"2bfada5\" data-element_type=\"container\" data-e-type=\"container\" data-settings=\"{&quot;background_background&quot;:&quot;classic&quot;}\">\n\t\t\t\t\t<div class=\"e-con-inner\">\n\t\t<div class=\"elementor-element elementor-element-3dc6c5f e-con-full elementor-hidden-tablet e-flex e-con e-child\" data-id=\"3dc6c5f\" data-element_type=\"container\" data-e-type=\"container\">\n\t\t\t\t<div class=\"elementor-element elementor-element-225e304 elementor-widget elementor-widget-image\" data-id=\"225e304\" data-element_type=\"widget\" data-e-type=\"widget\" data-widget_type=\"image.default\">\n\t\t\t\t\t\t\t\t\t\t\t\t\t\t\t<img decoding=\"async\" width=\"340\" height=\"510\" src=\"https:\/\/saimithrayoga.nl\/wp-content\/uploads\/saimithra_fotos_overons_1-1.webp\" class=\"attachment-full size-full wp-image-7707\" alt=\"Saimithra_fotos_overons_1-1\" srcset=\"https:\/\/saimithrayoga.nl\/wp-content\/uploads\/saimithra_fotos_overons_1-1.webp 340w, https:\/\/saimithrayoga.nl\/wp-content\/uploads\/saimithra_fotos_overons_1-1-8x12.webp 8w\" sizes=\"(max-width: 340px) 100vw, 340px\" \/>\t\t\t\t\t\t\t\t\t\t\t\t\t\t\t<\/div>\n\t\t\t\t<\/div>\n\t\t<div class=\"elementor-element elementor-element-160bac9 e-con-full e-flex e-con e-child\" data-id=\"160bac9\" data-element_type=\"container\" data-e-type=\"container\" data-settings=\"{&quot;background_background&quot;:&quot;classic&quot;}\">\n\t\t\t\t<div class=\"elementor-element elementor-element-dcebec7 elementor-widget elementor-widget-heading\" data-id=\"dcebec7\" data-element_type=\"widget\" data-e-type=\"widget\" data-widget_type=\"heading.default\">\n\t\t\t\t\t<h3 class=\"elementor-heading-title elementor-size-default\">Onze huurprijzen<\/h3>\t\t\t\t<\/div>\n\t\t\t\t<div class=\"elementor-element elementor-element-4e9a2ac elementor-widget elementor-widget-text-editor\" data-id=\"4e9a2ac\" data-element_type=\"widget\" data-e-type=\"widget\" data-widget_type=\"text-editor.default\">\n\t\t\t\t\t\t\t\t\t<p>De prijzen van de verhuur zijn op aanvraag. Afhankelijk van hoe vaak en waarvoor je de studio wilt gebruiken, bepalen we een prijs. Mail naar info@saimithrayoga.nl voor een vrijblijvende offerte. Richtlijnen zijn:<\/p>\t\t\t\t\t\t\t\t<\/div>\n\t\t\t\t<div class=\"elementor-element elementor-element-cee7aa6 elementor-widget elementor-widget-heading\" data-id=\"cee7aa6\" data-element_type=\"widget\" data-e-type=\"widget\" data-widget_type=\"heading.default\">\n\t\t\t\t\t<h4 class=\"elementor-heading-title elementor-size-default\">In het weekend<\/h4>\t\t\t\t<\/div>\n\t\t\t\t<div class=\"elementor-element elementor-element-3014578 elementor-widget elementor-widget-text-editor\" data-id=\"3014578\" data-element_type=\"widget\" data-e-type=\"widget\" data-widget_type=\"text-editor.default\">\n\t\t\t\t\t\t\t\t\t<ul><li>\u20ac 320 voor een dag (8 uur)<\/li><li>\u20ac 210 voor een dagdeel (4 uur)<\/li><\/ul>\t\t\t\t\t\t\t\t<\/div>\n\t\t\t\t<div class=\"elementor-element elementor-element-5abc6c4 elementor-widget elementor-widget-heading\" data-id=\"5abc6c4\" data-element_type=\"widget\" data-e-type=\"widget\" data-widget_type=\"heading.default\">\n\t\t\t\t\t<h4 class=\"elementor-heading-title elementor-size-default\">Doordeweeks en \u2018s avonds<\/h4>\t\t\t\t<\/div>\n\t\t\t\t<div class=\"elementor-element elementor-element-92d6054 elementor-widget elementor-widget-text-editor\" data-id=\"92d6054\" data-element_type=\"widget\" data-e-type=\"widget\" data-widget_type=\"text-editor.default\">\n\t\t\t\t\t\t\t\t\t<ul>\n \t<li>\u20ac 320 voor een dag (8 uur)<\/li>\n \t<li>\u20ac 165 voor een dagdeel (4 uur)<\/li>\n<\/ul>\t\t\t\t\t\t\t\t<\/div>\n\t\t\t\t<div class=\"elementor-element elementor-element-5b52930 elementor-widget elementor-widget-heading\" data-id=\"5b52930\" data-element_type=\"widget\" data-e-type=\"widget\" data-widget_type=\"heading.default\">\n\t\t\t\t\t<h5 class=\"elementor-heading-title elementor-size-default\">Kleine lettertjes<\/h5>\t\t\t\t<\/div>\n\t\t\t\t<div class=\"elementor-element elementor-element-57e1656 elementor-widget elementor-widget-text-editor\" data-id=\"57e1656\" data-element_type=\"widget\" data-e-type=\"widget\" data-widget_type=\"text-editor.default\">\n\t\t\t\t\t\t\t\t\t<p>Bovenstaande prijzen zijn vrijgesteld van btw. Huur je regelmatig of maken we structurele afspraken? Dan geven we korting, dit bekijken we per aanvraag.<\/p><p>Mocht je interesse hebben om de ruimte te huren, maar kom je er financieel niet helemaal uit, dan denken we graag met je mee.<\/p><p>Neem dan contact met ons op zodat we samen kunnen kijken naar je aanvraag en budget.<\/p><p>Alle reserveringen vallen onder de <u>annulerings- en algemene voorwaarden van Sai Mithra Yoga.<\/u><\/p>\t\t\t\t\t\t\t\t<\/div>\n\t\t\t\t<\/div>\n\t\t\t\t\t<\/div>\n\t\t\t\t<\/div>\n\t\t<div class=\"elementor-element elementor-element-e39fd8a transformatieveyoga e-flex e-con-boxed e-con e-parent\" data-id=\"e39fd8a\" data-element_type=\"container\" data-e-type=\"container\" data-settings=\"{&quot;background_background&quot;:&quot;classic&quot;}\">\n\t\t\t\t\t<div class=\"e-con-inner\">\n\t\t<div class=\"elementor-element elementor-element-a0a9231 e-con-full e-flex e-con e-child\" data-id=\"a0a9231\" data-element_type=\"container\" data-e-type=\"container\" data-settings=\"{&quot;background_background&quot;:&quot;classic&quot;}\">\n\t\t\t\t<div class=\"elementor-element elementor-element-4586245 elementor-widget elementor-widget-heading\" data-id=\"4586245\" data-element_type=\"widget\" data-e-type=\"widget\" data-widget_type=\"heading.default\">\n\t\t\t\t\t<h3 class=\"elementor-heading-title elementor-size-default\">Interesse? Neem contact op<\/h3>\t\t\t\t<\/div>\n\t\t\t\t<div class=\"elementor-element elementor-element-89a5a80 elementor-widget elementor-widget-text-editor\" data-id=\"89a5a80\" data-element_type=\"widget\" data-e-type=\"widget\" data-widget_type=\"text-editor.default\">\n\t\t\t\t\t\t\t\t\t<p>Interesse of wil je een keer komen kijken? Stuur een mail naar info@saimithrayoga.nl en vermeld je voorkeur voor data, tijden, aantal personen, benodigdheden en het soort activiteit. Heb je specifieke wensen, dan kijken we wat mogelijk is.<\/p>\t\t\t\t\t\t\t\t<\/div>\n\t\t\t\t<div class=\"elementor-element elementor-element-1f0fd76 elementor-button-align-stretch elementor-widget elementor-widget-form\" data-id=\"1f0fd76\" data-element_type=\"widget\" data-e-type=\"widget\" data-settings=\"{&quot;step_next_label&quot;:&quot;Volgende&quot;,&quot;step_previous_label&quot;:&quot;Vorige&quot;,&quot;step_type&quot;:&quot;none&quot;,&quot;step_icon_shape&quot;:&quot;none&quot;,&quot;button_width&quot;:&quot;100&quot;}\" data-widget_type=\"form.default\">\n\t\t\t\t\t\t\t<form class=\"elementor-form\" method=\"post\" id=\"new_form_zaalverhuur\" name=\"Contact formulier zaalverhuur\" aria-label=\"Contact formulier zaalverhuur\">\n\t\t\t<input type=\"hidden\" name=\"post_id\" value=\"7417\"\/>\n\t\t\t<input type=\"hidden\" name=\"form_id\" value=\"1f0fd76\"\/>\n\t\t\t<input type=\"hidden\" name=\"referer_title\" value=\"\" \/>\n\n\t\t\t\n\t\t\t<div class=\"elementor-form-fields-wrapper elementor-labels-above\">\n\t\t\t\t\t\t\t\t<div class=\"elementor-field-type-text elementor-field-group elementor-column elementor-field-group-field_voornaam elementor-col-50 elementor-field-required elementor-mark-required\">\n\t\t\t\t\t\t\t\t\t\t\t\t<label for=\"form-field-field_voornaam\" class=\"elementor-field-label\">\n\t\t\t\t\t\t\t\tVoornaam\t\t\t\t\t\t\t<\/label>\n\t\t\t\t\t\t\t\t\t\t\t\t\t\t<input size=\"1\" type=\"text\" name=\"form_fields[field_voornaam]\" id=\"form-field-field_voornaam\" class=\"elementor-field elementor-size-md  elementor-field-textual\" required=\"required\">\n\t\t\t\t\t\t\t\t\t\t\t<\/div>\n\t\t\t\t\t\t\t\t<div class=\"elementor-field-type-text elementor-field-group elementor-column elementor-field-group-field_achternaam elementor-col-50 elementor-field-required elementor-mark-required\">\n\t\t\t\t\t\t\t\t\t\t\t\t<label for=\"form-field-field_achternaam\" class=\"elementor-field-label\">\n\t\t\t\t\t\t\t\tAchternaam\t\t\t\t\t\t\t<\/label>\n\t\t\t\t\t\t\t\t\t\t\t\t\t\t<input size=\"1\" type=\"text\" name=\"form_fields[field_achternaam]\" id=\"form-field-field_achternaam\" class=\"elementor-field elementor-size-md  elementor-field-textual\" required=\"required\">\n\t\t\t\t\t\t\t\t\t\t\t<\/div>\n\t\t\t\t\t\t\t\t<div class=\"elementor-field-type-email elementor-field-group elementor-column elementor-field-group-field_email elementor-col-50 elementor-field-required elementor-mark-required\">\n\t\t\t\t\t\t\t\t\t\t\t\t<label for=\"form-field-field_email\" class=\"elementor-field-label\">\n\t\t\t\t\t\t\t\tE-mail\t\t\t\t\t\t\t<\/label>\n\t\t\t\t\t\t\t\t\t\t\t\t\t\t<input size=\"1\" type=\"email\" name=\"form_fields[field_email]\" id=\"form-field-field_email\" class=\"elementor-field elementor-size-md  elementor-field-textual\" required=\"required\">\n\t\t\t\t\t\t\t\t\t\t\t<\/div>\n\t\t\t\t\t\t\t\t<div class=\"elementor-field-type-tel elementor-field-group elementor-column elementor-field-group-field_telefoonnummer elementor-col-50\">\n\t\t\t\t\t\t\t\t\t\t\t\t<label for=\"form-field-field_telefoonnummer\" class=\"elementor-field-label\">\n\t\t\t\t\t\t\t\tTelefoonnummer\t\t\t\t\t\t\t<\/label>\n\t\t\t\t\t\t\t\t<input size=\"1\" type=\"tel\" name=\"form_fields[field_telefoonnummer]\" id=\"form-field-field_telefoonnummer\" class=\"elementor-field elementor-size-md  elementor-field-textual\" pattern=\"[0-9()#&amp;+*-=.]+\" title=\"Only numbers and phone characters (#, -, *, etc) are accepted.\">\n\n\t\t\t\t\t\t<\/div>\n\t\t\t\t\t\t\t\t<div class=\"elementor-field-type-textarea elementor-field-group elementor-column elementor-field-group-field_bericht elementor-col-100\">\n\t\t\t\t\t\t\t\t\t\t\t\t<label for=\"form-field-field_bericht\" class=\"elementor-field-label\">\n\t\t\t\t\t\t\t\tBericht\t\t\t\t\t\t\t<\/label>\n\t\t\t\t\t\t<textarea class=\"elementor-field-textual elementor-field  elementor-size-md\" name=\"form_fields[field_bericht]\" id=\"form-field-field_bericht\" rows=\"5\"><\/textarea>\t\t\t\t<\/div>\n\t\t\t\t\t\t\t\t<div class=\"elementor-field-group elementor-column elementor-field-type-submit elementor-col-100 e-form__buttons\">\n\t\t\t\t\t<button class=\"elementor-button elementor-size-md\" type=\"submit\">\n\t\t\t\t\t\t<span class=\"elementor-button-content-wrapper\">\n\t\t\t\t\t\t\t\t\t\t\t\t\t\t\t\t\t\t\t\t\t\t<span class=\"elementor-button-text\">Verstuur<\/span>\n\t\t\t\t\t\t\t\t\t\t\t\t\t<\/span>\n\t\t\t\t\t<\/button>\n\t\t\t\t<\/div>\n\t\t\t<\/div>\n\t\t<\/form>\n\t\t\t\t\t\t<\/div>\n\t\t\t\t<\/div>\n\t\t\t\t\t<\/div>\n\t\t\t\t<\/div>\n\t\t\t\t<\/div>\n\t\t","protected":false},"excerpt":{"rendered":"<p>Waarom onze ruimte huren? Wil je een sfeervolle ruimte huren voor jouw workshop, training of sessie met cli\u00ebnten? Onze yogaschool is een wonderlijke oase van rust in hartje Amsterdam. We helpen je graag om ruimte te cre\u00ebren voor wat jij wilt organiseren. Samen kijken we naar wat jij nodig hebt om jouw leerlingen en cli\u00ebnten [&hellip;]<\/p>\n","protected":false},"author":3,"featured_media":0,"parent":0,"menu_order":11,"comment_status":"closed","ping_status":"closed","template":"elementor_header_footer","meta":{"_seopress_robots_primary_cat":"","_seopress_titles_title":"Zaalverhuur Amsterdam voor Yoga, Workshops en Events","_seopress_titles_desc":"Ruimte te huur in Amsterdam voor yoga, workshops of evenementen? Sai Mithra Yoga heeft een inspirerende ruimte te huur, perfect voor diverse activiteiten.","_seopress_robots_index":"","footnotes":""},"class_list":["post-7417","page","type-page","status-publish","hentry"],"_links":{"self":[{"href":"https:\/\/saimithrayoga.nl\/en\/wp-json\/wp\/v2\/pages\/7417","targetHints":{"allow":["GET"]}}],"collection":[{"href":"https:\/\/saimithrayoga.nl\/en\/wp-json\/wp\/v2\/pages"}],"about":[{"href":"https:\/\/saimithrayoga.nl\/en\/wp-json\/wp\/v2\/types\/page"}],"author":[{"embeddable":true,"href":"https:\/\/saimithrayoga.nl\/en\/wp-json\/wp\/v2\/users\/3"}],"replies":[{"embeddable":true,"href":"https:\/\/saimithrayoga.nl\/en\/wp-json\/wp\/v2\/comments?post=7417"}],"version-history":[{"count":0,"href":"https:\/\/saimithrayoga.nl\/en\/wp-json\/wp\/v2\/pages\/7417\/revisions"}],"wp:attachment":[{"href":"https:\/\/saimithrayoga.nl\/en\/wp-json\/wp\/v2\/media?parent=7417"}],"curies":[{"name":"wp","href":"https:\/\/api.w.org\/{rel}","templated":true}]}}